{"id":7971,"date":"2025-10-30T11:56:38","date_gmt":"2025-10-30T11:56:38","guid":{"rendered":"https:\/\/bryanw137.sg-host.com\/?page_id=7819"},"modified":"2026-01-20T17:33:30","modified_gmt":"2026-01-20T17:33:30","slug":"managed-business-services","status":"publish","type":"page","link":"https:\/\/www.kingsleygate.com\/es\/services\/managed-business-services\/","title":{"rendered":"Servicios empresariales gestionados"},"content":{"rendered":"<div data-elementor-type=\"wp-page\" data-elementor-id=\"7971\" class=\"elementor elementor-7971\" data-elementor-post-type=\"page\">\n\t\t\t\t<div class=\"elementor-element elementor-element-23e2d8d e-flex e-con-boxed e-con e-parent\" data-id=\"23e2d8d\" data-element_type=\"container\" data-e-type=\"container\">\n\t\t\t\t\t<div class=\"e-con-inner\">\n\t\t<div class=\"elementor-element elementor-element-dc56b4f e-con-full e-flex e-con e-child\" data-id=\"dc56b4f\" data-element_type=\"container\" data-e-type=\"container\">\n\t\t\t\t<div class=\"elementor-element elementor-element-076325d elementor-invisible elementor-widget elementor-widget-heading\" data-id=\"076325d\" data-element_type=\"widget\" data-e-type=\"widget\" data-settings=\"{&quot;_animation&quot;:&quot;fadeInUp&quot;}\" data-widget_type=\"heading.default\">\n\t\t\t\t<div class=\"elementor-widget-container\">\n\t\t\t\t\t<h2 class=\"elementor-heading-title elementor-size-default\">B\u00fasqueda de ejecutivos a nivel mundial<\/h2>\t\t\t\t<\/div>\n\t\t\t\t<\/div>\n\t\t\t\t<\/div>\n\t\t\t\t\t<\/div>\n\t\t\t\t<\/div>\n\t\t<div class=\"elementor-element elementor-element-99d645d e-flex e-con-boxed e-con e-parent\" data-id=\"99d645d\" data-element_type=\"container\" data-e-type=\"container\" data-settings=\"{&quot;background_background&quot;:&quot;classic&quot;}\">\n\t\t\t\t\t<div class=\"e-con-inner\">\n\t\t<div class=\"elementor-element elementor-element-37fe67f e-con-full e-flex e-con e-child\" data-id=\"37fe67f\" data-element_type=\"container\" data-e-type=\"container\">\n\t\t\t\t<\/div>\n\t\t\t\t\t<\/div>\n\t\t\t\t<\/div>\n\t\t<div class=\"elementor-element elementor-element-8d1280c e-flex e-con-boxed e-con e-parent\" data-id=\"8d1280c\" data-element_type=\"container\" data-e-type=\"container\" data-settings=\"{&quot;background_background&quot;:&quot;classic&quot;}\">\n\t\t\t\t\t<div class=\"e-con-inner\">\n\t\t<div class=\"elementor-element elementor-element-d59f536 e-con-full e-flex e-con e-child\" data-id=\"d59f536\" data-element_type=\"container\" data-e-type=\"container\">\n\t\t<div class=\"elementor-element elementor-element-56256e1 e-con-full e-flex e-con e-child\" data-id=\"56256e1\" data-element_type=\"container\" data-e-type=\"container\">\n\t\t\t\t<div class=\"elementor-element elementor-element-85d4d40 elementor-widget__width-inherit elementor-invisible elementor-widget elementor-widget-heading\" data-id=\"85d4d40\" data-element_type=\"widget\" data-e-type=\"widget\" data-settings=\"{&quot;_animation&quot;:&quot;fadeInUp&quot;}\" data-widget_type=\"heading.default\">\n\t\t\t\t<div class=\"elementor-widget-container\">\n\t\t\t\t\t<h2 class=\"elementor-heading-title elementor-size-default\">Liderazgo para la era de los procesos inteligentes<\/h2>\t\t\t\t<\/div>\n\t\t\t\t<\/div>\n\t\t\t\t<div class=\"elementor-element elementor-element-c9e8423 elementor-mobile-align-center elementor-widget__width-inherit elementor-align-left elementor-hidden-mobile elementor-widget elementor-widget-button\" data-id=\"c9e8423\" data-element_type=\"widget\" data-e-type=\"widget\" data-widget_type=\"button.default\">\n\t\t\t\t<div class=\"elementor-widget-container\">\n\t\t\t\t\t\t\t\t\t<div class=\"elementor-button-wrapper\">\n\t\t\t\t\t<a class=\"elementor-button elementor-button-link elementor-size-sm\" href=\"https:\/\/www.kingsleygate.com\/es\/contact-us\/\">\n\t\t\t\t\t\t<span class=\"elementor-button-content-wrapper\">\n\t\t\t\t\t\t\t\t\t<span class=\"elementor-button-text\">Cont\u00e1ctenos<\/span>\n\t\t\t\t\t<\/span>\n\t\t\t\t\t<\/a>\n\t\t\t\t<\/div>\n\t\t\t\t\t\t\t\t<\/div>\n\t\t\t\t<\/div>\n\t\t\t\t<\/div>\n\t\t<div class=\"elementor-element elementor-element-5a39042 e-con-full e-flex e-con e-child\" data-id=\"5a39042\" data-element_type=\"container\" data-e-type=\"container\">\n\t\t\t\t<div class=\"elementor-element elementor-element-0644332 elementor-widget__width-inherit elementor-invisible elementor-widget elementor-widget-text-editor\" data-id=\"0644332\" data-element_type=\"widget\" data-e-type=\"widget\" data-settings=\"{&quot;_animation&quot;:&quot;fadeInUp&quot;}\" data-widget_type=\"text-editor.default\">\n\t\t\t\t<div class=\"elementor-widget-container\">\n\t\t\t\t\t\t\t\t\t<p>Los servicios gestionados est\u00e1n evolucionando desde la subcontrataci\u00f3n hasta la asociaci\u00f3n estrat\u00e9gica. La RPA y la IA ya no son solo herramientas de reducci\u00f3n de costos, sino motores de creaci\u00f3n de valor. Los SLA tradicionales est\u00e1n dando paso a la visibilidad en tiempo real y a la prestaci\u00f3n de servicios basada en resultados.<\/p><p>Las empresas que tengan \u00e9xito estar\u00e1n dirigidas por ejecutivos capaces de ampliar la automatizaci\u00f3n inteligente sin renunciar al criterio humano, l\u00edderes que se anticipen a las necesidades de los clientes y transformen las funciones administrativas en fuentes de ventaja estrat\u00e9gica.<\/p>\t\t\t\t\t\t\t\t<\/div>\n\t\t\t\t<\/div>\n\t\t\t\t<\/div>\n\t\t\t\t<\/div>\n\t\t<div class=\"elementor-element elementor-element-de428ba e-con-full e-flex e-con e-child\" data-id=\"de428ba\" data-element_type=\"container\" data-e-type=\"container\" data-settings=\"{&quot;background_background&quot;:&quot;classic&quot;}\">\n\t\t\t\t<div class=\"elementor-element elementor-element-45ef379 elementor-invisible elementor-widget elementor-widget-heading\" data-id=\"45ef379\" data-element_type=\"widget\" data-e-type=\"widget\" data-settings=\"{&quot;_animation&quot;:&quot;fadeInUp&quot;}\" data-widget_type=\"heading.default\">\n\t\t\t\t<div class=\"elementor-widget-container\">\n\t\t\t\t\t<h2 class=\"elementor-heading-title elementor-size-default\">\u00bfQu\u00e9 define a los l\u00edderes actuales en servicios empresariales gestionados?<\/h2>\t\t\t\t<\/div>\n\t\t\t\t<\/div>\n\t\t<div class=\"elementor-element elementor-element-135d543 e-con-full e-flex e-con e-child\" data-id=\"135d543\" data-element_type=\"container\" data-e-type=\"container\">\n\t\t<div class=\"elementor-element elementor-element-b5c7e19 e-con-full continer-icon e-flex e-con e-child\" data-id=\"b5c7e19\" data-element_type=\"container\" data-e-type=\"container\">\n\t\t\t\t<div class=\"elementor-element elementor-element-6938946 elementor-widget__width-initial elementor-widget-mobile__width-initial large-heading elementor-widget-tablet_extra__width-initial elementor-invisible elementor-widget elementor-widget-heading\" data-id=\"6938946\" data-element_type=\"widget\" data-e-type=\"widget\" data-settings=\"{&quot;_animation&quot;:&quot;fadeInUp&quot;}\" data-widget_type=\"heading.default\">\n\t\t\t\t<div class=\"elementor-widget-container\">\n\t\t\t\t\t<div class=\"elementor-heading-title elementor-size-default\">Experiencia en automatizaci\u00f3n inteligente<\/div>\t\t\t\t<\/div>\n\t\t\t\t<\/div>\n\t\t\t\t<div class=\"elementor-element elementor-element-35a62c2 small-text elementor-widget__width-initial elementor-invisible elementor-widget elementor-widget-text-editor\" data-id=\"35a62c2\" data-element_type=\"widget\" data-e-type=\"widget\" data-settings=\"{&quot;_animation&quot;:&quot;fadeInUp&quot;}\" data-widget_type=\"text-editor.default\">\n\t\t\t\t<div class=\"elementor-widget-container\">\n\t\t\t\t\t\t\t\t\t<p>Orquestaci\u00f3n de RPA e IA a gran escala<\/p>\t\t\t\t\t\t\t\t<\/div>\n\t\t\t\t<\/div>\n\t\t\t\t<\/div>\n\t\t<div class=\"elementor-element elementor-element-42a70c0 e-con-full continer-icon e-flex e-con e-child\" data-id=\"42a70c0\" data-element_type=\"container\" data-e-type=\"container\">\n\t\t\t\t<div class=\"elementor-element elementor-element-b557fb4 elementor-widget__width-initial elementor-widget-mobile__width-initial large-heading elementor-invisible elementor-widget elementor-widget-heading\" data-id=\"b557fb4\" data-element_type=\"widget\" data-e-type=\"widget\" data-settings=\"{&quot;_animation&quot;:&quot;fadeInUp&quot;}\" data-widget_type=\"heading.default\">\n\t\t\t\t<div class=\"elementor-widget-container\">\n\t\t\t\t\t<div class=\"elementor-heading-title elementor-size-default\">Plataformas integradas<\/div>\t\t\t\t<\/div>\n\t\t\t\t<\/div>\n\t\t\t\t<div class=\"elementor-element elementor-element-7930c11 small-text elementor-invisible elementor-widget elementor-widget-text-editor\" data-id=\"7930c11\" data-element_type=\"widget\" data-e-type=\"widget\" data-settings=\"{&quot;_animation&quot;:&quot;fadeInUp&quot;}\" data-widget_type=\"text-editor.default\">\n\t\t\t\t<div class=\"elementor-widget-container\">\n\t\t\t\t\t\t\t\t\t<p>Pasar de soluciones puntuales a una coordinaci\u00f3n a nivel de toda la empresa<\/p>\t\t\t\t\t\t\t\t<\/div>\n\t\t\t\t<\/div>\n\t\t\t\t<\/div>\n\t\t<div class=\"elementor-element elementor-element-edb8bd9 e-con-full continer-icon e-flex e-con e-child\" data-id=\"edb8bd9\" data-element_type=\"container\" data-e-type=\"container\">\n\t\t\t\t<div class=\"elementor-element elementor-element-1214d95 elementor-widget__width-initial elementor-widget-mobile__width-initial large-heading elementor-widget-tablet_extra__width-initial elementor-invisible elementor-widget elementor-widget-heading\" data-id=\"1214d95\" data-element_type=\"widget\" data-e-type=\"widget\" data-settings=\"{&quot;_animation&quot;:&quot;fadeInUp&quot;}\" data-widget_type=\"heading.default\">\n\t\t\t\t<div class=\"elementor-widget-container\">\n\t\t\t\t\t<div class=\"elementor-heading-title elementor-size-default\">Cultura de mejora continua<\/div>\t\t\t\t<\/div>\n\t\t\t\t<\/div>\n\t\t\t\t<div class=\"elementor-element elementor-element-995246c small-text elementor-widget-tablet_extra__width-initial elementor-widget__width-initial elementor-invisible elementor-widget elementor-widget-text-editor\" data-id=\"995246c\" data-element_type=\"widget\" data-e-type=\"widget\" data-settings=\"{&quot;_animation&quot;:&quot;fadeInUp&quot;}\" data-widget_type=\"text-editor.default\">\n\t\t\t\t<div class=\"elementor-widget-container\">\n\t\t\t\t\t\t\t\t\t<p>Incorporar la agilidad en la prestaci\u00f3n de servicios<\/p>\t\t\t\t\t\t\t\t<\/div>\n\t\t\t\t<\/div>\n\t\t\t\t<\/div>\n\t\t<div class=\"elementor-element elementor-element-4faab62 e-con-full continer-icon e-flex e-con e-child\" data-id=\"4faab62\" data-element_type=\"container\" data-e-type=\"container\">\n\t\t\t\t<div class=\"elementor-element elementor-element-5fc4078 elementor-widget__width-initial elementor-widget-mobile__width-initial large-heading elementor-widget-tablet_extra__width-initial elementor-invisible elementor-widget elementor-widget-heading\" data-id=\"5fc4078\" data-element_type=\"widget\" data-e-type=\"widget\" data-settings=\"{&quot;_animation&quot;:&quot;fadeInUp&quot;}\" data-widget_type=\"heading.default\">\n\t\t\t\t<div class=\"elementor-widget-container\">\n\t\t\t\t\t<div class=\"elementor-heading-title elementor-size-default\">Creaci\u00f3n de valor basada en datos<\/div>\t\t\t\t<\/div>\n\t\t\t\t<\/div>\n\t\t\t\t<div class=\"elementor-element elementor-element-9abb491 small-text elementor-widget-tablet_extra__width-initial elementor-widget__width-initial elementor-invisible elementor-widget elementor-widget-text-editor\" data-id=\"9abb491\" data-element_type=\"widget\" data-e-type=\"widget\" data-settings=\"{&quot;_animation&quot;:&quot;fadeInUp&quot;}\" data-widget_type=\"text-editor.default\">\n\t\t\t\t<div class=\"elementor-widget-container\">\n\t\t\t\t\t\t\t\t\t<p>Convertir las operaciones en un impacto medible<\/p>\t\t\t\t\t\t\t\t<\/div>\n\t\t\t\t<\/div>\n\t\t\t\t<\/div>\n\t\t\t\t<\/div>\n\t\t\t\t<\/div>\n\t\t\t\t\t<\/div>\n\t\t\t\t<\/div>\n\t\t<div class=\"elementor-element elementor-element-c24af62 e-flex e-con-boxed e-con e-parent\" data-id=\"c24af62\" data-element_type=\"container\" data-e-type=\"container\">\n\t\t\t\t\t<div class=\"e-con-inner\">\n\t\t<div class=\"elementor-element elementor-element-83bbb07 e-con-full e-flex e-con e-child\" data-id=\"83bbb07\" data-element_type=\"container\" data-e-type=\"container\">\n\t\t<div class=\"elementor-element elementor-element-9fa417b e-con-full e-flex e-con e-child\" data-id=\"9fa417b\" data-element_type=\"container\" data-e-type=\"container\">\n\t\t\t\t<div class=\"elementor-element elementor-element-f43d11d elementor-widget-mobile__width-inherit elementor-widget-tablet__width-inherit elementor-invisible elementor-widget elementor-widget-heading\" data-id=\"f43d11d\" data-element_type=\"widget\" data-e-type=\"widget\" data-settings=\"{&quot;_animation&quot;:&quot;fadeInUp&quot;}\" data-widget_type=\"heading.default\">\n\t\t\t\t<div class=\"elementor-widget-container\">\n\t\t\t\t\t<h2 class=\"elementor-heading-title elementor-size-default\">C\u00f3mo ayudamos a nuestros clientes a ganar<\/h2>\t\t\t\t<\/div>\n\t\t\t\t<\/div>\n\t\t\t\t<\/div>\n\t\t<div class=\"elementor-element elementor-element-95f4fff e-con-full e-flex e-con e-child\" data-id=\"95f4fff\" data-element_type=\"container\" data-e-type=\"container\">\n\t\t\t\t<div class=\"elementor-element elementor-element-86fe92e elementor-invisible elementor-widget elementor-widget-text-editor\" data-id=\"86fe92e\" data-element_type=\"widget\" data-e-type=\"widget\" data-settings=\"{&quot;_animation&quot;:&quot;fadeInUp&quot;}\" data-widget_type=\"text-editor.default\">\n\t\t\t\t<div class=\"elementor-widget-container\">\n\t\t\t\t\t\t\t\t\t<p>Nuestra pr\u00e1ctica de servicios empresariales gestionados se asocia con l\u00edderes en BPO, proveedores especializados, empresas e inversionistas. Ya sea digitalizando operaciones, creando plataformas de servicios integradas o expandi\u00e9ndose a nivel global, proporcionamos ejecutivos que convierten la eficiencia en diferenciaci\u00f3n.<\/p>\t\t\t\t\t\t\t\t<\/div>\n\t\t\t\t<\/div>\n\t\t\t\t<\/div>\n\t\t\t\t<\/div>\n\t\t\t\t\t<\/div>\n\t\t\t\t<\/div>\n\t\t<div class=\"elementor-element elementor-element-5a46ff0 e-flex e-con-boxed e-con e-parent\" data-id=\"5a46ff0\" data-element_type=\"container\" data-e-type=\"container\">\n\t\t\t\t\t<div class=\"e-con-inner\">\n\t\t<div class=\"elementor-element elementor-element-5ffbb52 e-con-full e-flex e-con e-child\" data-id=\"5ffbb52\" data-element_type=\"container\" data-e-type=\"container\">\n\t\t<div class=\"elementor-element elementor-element-7aeafaf e-con-full e-flex e-con e-child\" data-id=\"7aeafaf\" data-element_type=\"container\" data-e-type=\"container\" data-settings=\"{&quot;background_background&quot;:&quot;classic&quot;}\">\n\t\t\t\t<div class=\"elementor-element elementor-element-fdba79b elementor-widget__width-initial elementor-widget-tablet_extra__width-initial elementor-invisible elementor-widget elementor-widget-heading\" data-id=\"fdba79b\" data-element_type=\"widget\" data-e-type=\"widget\" data-settings=\"{&quot;_animation&quot;:&quot;fadeInUp&quot;}\" data-widget_type=\"heading.default\">\n\t\t\t\t<div class=\"elementor-widget-container\">\n\t\t\t\t\t<h2 class=\"elementor-heading-title elementor-size-default\">Encuentre su proveedor l\u00edder de servicios empresariales gestionados<\/h2>\t\t\t\t<\/div>\n\t\t\t\t<\/div>\n\t\t\t\t<div class=\"elementor-element elementor-element-1e8eaf3 elementor-invisible elementor-widget elementor-widget-text-editor\" data-id=\"1e8eaf3\" data-element_type=\"widget\" data-e-type=\"widget\" data-settings=\"{&quot;_animation&quot;:&quot;fadeInUp&quot;}\" data-widget_type=\"text-editor.default\">\n\t\t\t\t<div class=\"elementor-widget-container\">\n\t\t\t\t\t\t\t\t\t<p>Nuestra primera conversaci\u00f3n define su estrategia de b\u00fasqueda con candidatos reales.<\/p>\t\t\t\t\t\t\t\t<\/div>\n\t\t\t\t<\/div>\n\t\t\t\t<div class=\"elementor-element elementor-element-f0373e2 elementor-mobile-align-justify elementor-widget__width-initial elementor-widget-mobile__width-initial elementor-align-justify elementor-widget elementor-widget-button\" data-id=\"f0373e2\" data-element_type=\"widget\" data-e-type=\"widget\" data-widget_type=\"button.default\">\n\t\t\t\t<div class=\"elementor-widget-container\">\n\t\t\t\t\t\t\t\t\t<div class=\"elementor-button-wrapper\">\n\t\t\t\t\t<a class=\"elementor-button elementor-button-link elementor-size-sm\" href=\"https:\/\/www.kingsleygate.com\/es\/contact-us\/\">\n\t\t\t\t\t\t<span class=\"elementor-button-content-wrapper\">\n\t\t\t\t\t\t\t\t\t<span class=\"elementor-button-text\">Cont\u00e1ctenos<\/span>\n\t\t\t\t\t<\/span>\n\t\t\t\t\t<\/a>\n\t\t\t\t<\/div>\n\t\t\t\t\t\t\t\t<\/div>\n\t\t\t\t<\/div>\n\t\t\t\t<\/div>\n\t\t<div class=\"elementor-element elementor-element-f7f36a3 e-con-full elementor-hidden-mobile e-flex e-con e-child\" data-id=\"f7f36a3\" data-element_type=\"container\" data-e-type=\"container\">\n\t\t\t\t<div class=\"elementor-element elementor-element-968bdd2 elementor-widget elementor-widget-image\" data-id=\"968bdd2\" data-element_type=\"widget\" data-e-type=\"widget\" data-widget_type=\"image.default\">\n\t\t\t\t<div class=\"elementor-widget-container\">\n\t\t\t\t\t\t\t\t\t\t\t\t\t\t\t<img fetchpriority=\"high\" decoding=\"async\" width=\"2560\" height=\"1542\" src=\"https:\/\/www.kingsleygate.com\/wp-content\/uploads\/2025\/11\/8099e6ef7b57ea75d2a04155377c7de177ccb6b0-scaled.jpg\" class=\"attachment-full size-full wp-image-171132\" alt=\"\" srcset=\"https:\/\/www.kingsleygate.com\/wp-content\/uploads\/2025\/11\/8099e6ef7b57ea75d2a04155377c7de177ccb6b0-scaled.jpg 2560w, https:\/\/www.kingsleygate.com\/wp-content\/uploads\/2025\/11\/8099e6ef7b57ea75d2a04155377c7de177ccb6b0-300x181.jpg 300w, https:\/\/www.kingsleygate.com\/wp-content\/uploads\/2025\/11\/8099e6ef7b57ea75d2a04155377c7de177ccb6b0-1024x617.jpg 1024w, https:\/\/www.kingsleygate.com\/wp-content\/uploads\/2025\/11\/8099e6ef7b57ea75d2a04155377c7de177ccb6b0-768x463.jpg 768w, https:\/\/www.kingsleygate.com\/wp-content\/uploads\/2025\/11\/8099e6ef7b57ea75d2a04155377c7de177ccb6b0-1536x925.jpg 1536w, https:\/\/www.kingsleygate.com\/wp-content\/uploads\/2025\/11\/8099e6ef7b57ea75d2a04155377c7de177ccb6b0-2048x1234.jpg 2048w\" sizes=\"(max-width: 2560px) 100vw, 2560px\" \/>\t\t\t\t\t\t\t\t\t\t\t\t\t\t\t<\/div>\n\t\t\t\t<\/div>\n\t\t\t\t<\/div>\n\t\t\t\t<\/div>\n\t\t\t\t\t<\/div>\n\t\t\t\t<\/div>\n\t\t\t\t<\/div>","protected":false},"excerpt":{"rendered":"<p>Liderazgo en la b\u00fasqueda de ejecutivos a nivel mundial para la era de los procesos inteligentes. P\u00f3ngase en contacto con nosotros. Los servicios gestionados est\u00e1n evolucionando desde la subcontrataci\u00f3n hasta la estrategia [\u2026]<\/p>","protected":false},"author":2,"featured_media":0,"parent":3679,"menu_order":3,"comment_status":"closed","ping_status":"closed","template":"","meta":{"_acf_changed":false,"_eb_attr":"","inline_featured_image":false,"site-sidebar-layout":"no-sidebar","site-content-layout":"","ast-site-content-layout":"full-width-container","site-content-style":"default","site-sidebar-style":"default","ast-global-header-display":"","ast-banner-title-visibility":"","ast-main-header-display":"","ast-hfb-above-header-display":"","ast-hfb-below-header-display":"","ast-hfb-mobile-header-display":"","site-post-title":"disabled","ast-breadcrumbs-content":"","ast-featured-img":"disabled","footer-sml-layout":"","theme-transparent-header-meta":"default","adv-header-id-meta":"","stick-header-meta":"","header-above-stick-meta":"","header-main-stick-meta":"","header-below-stick-meta":"","astra-migrate-meta-layouts":"set","ast-page-background-enabled":"default","ast-page-background-meta":{"desktop":{"background-color":"var(--ast-global-color-5)","background-image":"","background-repeat":"repeat","background-position":"center center","background-size":"auto","background-attachment":"scroll","background-type":"","background-media":"","overlay-type":"","overlay-color":"","overlay-opacity":"","overlay-gradient":""},"tablet":{"background-color":"","background-image":"","background-repeat":"repeat","background-position":"center center","background-size":"auto","background-attachment":"scroll","background-type":"","background-media":"","overlay-type":"","overlay-color":"","overlay-opacity":"","overlay-gradient":""},"mobile":{"background-color":"","background-image":"","background-repeat":"repeat","background-position":"center center","background-size":"auto","background-attachment":"scroll","background-type":"","background-media":"","overlay-type":"","overlay-color":"","overlay-opacity":"","overlay-gradient":""}},"ast-content-background-meta":{"desktop":{"background-color":"var(--ast-global-color-4)","background-image":"","background-repeat":"repeat","background-position":"center center","background-size":"auto","background-attachment":"scroll","background-type":"","background-media":"","overlay-type":"","overlay-color":"","overlay-opacity":"","overlay-gradient":""},"tablet":{"background-color":"var(--ast-global-color-4)","background-image":"","background-repeat":"repeat","background-position":"center center","background-size":"auto","background-attachment":"scroll","background-type":"","background-media":"","overlay-type":"","overlay-color":"","overlay-opacity":"","overlay-gradient":""},"mobile":{"background-color":"var(--ast-global-color-4)","background-image":"","background-repeat":"repeat","background-position":"center center","background-size":"auto","background-attachment":"scroll","background-type":"","background-media":"","overlay-type":"","overlay-color":"","overlay-opacity":"","overlay-gradient":""}},"footnotes":""},"folder":[81],"wf_page_folders":[46],"class_list":["post-7971","page","type-page","status-publish","hentry"],"acf":[],"_links":{"self":[{"href":"https:\/\/www.kingsleygate.com\/es\/wp-json\/wp\/v2\/pages\/7971","targetHints":{"allow":["GET"]}}],"collection":[{"href":"https:\/\/www.kingsleygate.com\/es\/wp-json\/wp\/v2\/pages"}],"about":[{"href":"https:\/\/www.kingsleygate.com\/es\/wp-json\/wp\/v2\/types\/page"}],"author":[{"embeddable":true,"href":"https:\/\/www.kingsleygate.com\/es\/wp-json\/wp\/v2\/users\/2"}],"replies":[{"embeddable":true,"href":"https:\/\/www.kingsleygate.com\/es\/wp-json\/wp\/v2\/comments?post=7971"}],"version-history":[{"count":0,"href":"https:\/\/www.kingsleygate.com\/es\/wp-json\/wp\/v2\/pages\/7971\/revisions"}],"up":[{"embeddable":true,"href":"https:\/\/www.kingsleygate.com\/es\/wp-json\/wp\/v2\/pages\/3679"}],"wp:attachment":[{"href":"https:\/\/www.kingsleygate.com\/es\/wp-json\/wp\/v2\/media?parent=7971"}],"wp:term":[{"taxonomy":"folder","embeddable":true,"href":"https:\/\/www.kingsleygate.com\/es\/wp-json\/wp\/v2\/folder?post=7971"},{"taxonomy":"wf_page_folders","embeddable":true,"href":"https:\/\/www.kingsleygate.com\/es\/wp-json\/wp\/v2\/wf_page_folders?post=7971"}],"curies":[{"name":"wp","href":"https:\/\/api.w.org\/{rel}","templated":true}]}}