{"id":7948,"date":"2025-10-30T11:56:38","date_gmt":"2025-10-30T11:56:38","guid":{"rendered":"https:\/\/bryanw137.sg-host.com\/?page_id=7787"},"modified":"2026-01-20T17:25:14","modified_gmt":"2026-01-20T17:25:14","slug":"physicians-practice-clinical-leadership","status":"publish","type":"page","link":"https:\/\/www.kingsleygate.com\/es\/healthcare-life-sciences\/physicians-practice-clinical-leadership\/","title":{"rendered":"Pr\u00e1ctica m\u00e9dica y liderazgo cl\u00ednico"},"content":{"rendered":"<div data-elementor-type=\"wp-page\" data-elementor-id=\"7948\" class=\"elementor elementor-7948\" data-elementor-post-type=\"page\">\n\t\t\t\t<div class=\"elementor-element elementor-element-23e2d8d e-flex e-con-boxed e-con e-parent\" data-id=\"23e2d8d\" data-element_type=\"container\" data-e-type=\"container\">\n\t\t\t\t\t<div class=\"e-con-inner\">\n\t\t<div class=\"elementor-element elementor-element-dc56b4f e-con-full e-flex e-con e-child\" data-id=\"dc56b4f\" data-element_type=\"container\" data-e-type=\"container\">\n\t\t\t\t<div class=\"elementor-element elementor-element-e89ef66 elementor-invisible elementor-widget elementor-widget-heading\" data-id=\"e89ef66\" data-element_type=\"widget\" data-e-type=\"widget\" data-settings=\"{&quot;_animation&quot;:&quot;fadeInUp&quot;}\" data-widget_type=\"heading.default\">\n\t\t\t\t<div class=\"elementor-widget-container\">\n\t\t\t\t\t<h2 class=\"elementor-heading-title elementor-size-default\">B\u00fasqueda de ejecutivos a nivel mundial<\/h2>\t\t\t\t<\/div>\n\t\t\t\t<\/div>\n\t\t\t\t<\/div>\n\t\t\t\t\t<\/div>\n\t\t\t\t<\/div>\n\t\t<div class=\"elementor-element elementor-element-99d645d e-flex e-con-boxed e-con e-parent\" data-id=\"99d645d\" data-element_type=\"container\" data-e-type=\"container\" data-settings=\"{&quot;background_background&quot;:&quot;classic&quot;}\">\n\t\t\t\t\t<div class=\"e-con-inner\">\n\t\t<div class=\"elementor-element elementor-element-37fe67f e-con-full e-flex e-con e-child\" data-id=\"37fe67f\" data-element_type=\"container\" data-e-type=\"container\">\n\t\t\t\t<\/div>\n\t\t\t\t\t<\/div>\n\t\t\t\t<\/div>\n\t\t<div class=\"elementor-element elementor-element-8d1280c e-flex e-con-boxed e-con e-parent\" data-id=\"8d1280c\" data-element_type=\"container\" data-e-type=\"container\" data-settings=\"{&quot;background_background&quot;:&quot;classic&quot;}\">\n\t\t\t\t\t<div class=\"e-con-inner\">\n\t\t<div class=\"elementor-element elementor-element-d59f536 e-con-full e-flex e-con e-child\" data-id=\"d59f536\" data-element_type=\"container\" data-e-type=\"container\">\n\t\t<div class=\"elementor-element elementor-element-56256e1 e-con-full e-flex e-con e-child\" data-id=\"56256e1\" data-element_type=\"container\" data-e-type=\"container\">\n\t\t\t\t<div class=\"elementor-element elementor-element-85d4d40 elementor-widget__width-inherit elementor-invisible elementor-widget elementor-widget-heading\" data-id=\"85d4d40\" data-element_type=\"widget\" data-e-type=\"widget\" data-settings=\"{&quot;_animation&quot;:&quot;fadeInUp&quot;}\" data-widget_type=\"heading.default\">\n\t\t\t\t<div class=\"elementor-widget-container\">\n\t\t\t\t\t<h2 class=\"elementor-heading-title elementor-size-default\">Liderazgo para la atenci\u00f3n en primera l\u00ednea<\/h2>\t\t\t\t<\/div>\n\t\t\t\t<\/div>\n\t\t\t\t<div class=\"elementor-element elementor-element-c9e8423 elementor-mobile-align-center elementor-widget__width-inherit elementor-align-left elementor-hidden-mobile elementor-widget elementor-widget-button\" data-id=\"c9e8423\" data-element_type=\"widget\" data-e-type=\"widget\" data-widget_type=\"button.default\">\n\t\t\t\t<div class=\"elementor-widget-container\">\n\t\t\t\t\t\t\t\t\t<div class=\"elementor-button-wrapper\">\n\t\t\t\t\t<a class=\"elementor-button elementor-button-link elementor-size-sm\" href=\"https:\/\/www.kingsleygate.com\/es\/contact-us\/\">\n\t\t\t\t\t\t<span class=\"elementor-button-content-wrapper\">\n\t\t\t\t\t\t\t\t\t<span class=\"elementor-button-text\">Cont\u00e1ctenos<\/span>\n\t\t\t\t\t<\/span>\n\t\t\t\t\t<\/a>\n\t\t\t\t<\/div>\n\t\t\t\t\t\t\t\t<\/div>\n\t\t\t\t<\/div>\n\t\t\t\t<\/div>\n\t\t<div class=\"elementor-element elementor-element-5a39042 e-con-full e-flex e-con e-child\" data-id=\"5a39042\" data-element_type=\"container\" data-e-type=\"container\">\n\t\t\t\t<div class=\"elementor-element elementor-element-0644332 elementor-widget__width-inherit elementor-invisible elementor-widget elementor-widget-text-editor\" data-id=\"0644332\" data-element_type=\"widget\" data-e-type=\"widget\" data-settings=\"{&quot;_animation&quot;:&quot;fadeInUp&quot;}\" data-widget_type=\"text-editor.default\">\n\t\t\t\t<div class=\"elementor-widget-container\">\n\t\t\t\t\t\t\t\t\t<p>Los ejecutivos m\u00e9dicos deben mejorar la calidad y el acceso, al tiempo que protegen el bienestar y la econom\u00eda de los profesionales cl\u00ednicos.\u00a0<\/p><p>Le ayudamos a contratar l\u00edderes que convierten la autoridad cl\u00ednica en resultados operativos, modernizando los modelos de atenci\u00f3n sin perder la conexi\u00f3n humana.<\/p>\t\t\t\t\t\t\t\t<\/div>\n\t\t\t\t<\/div>\n\t\t\t\t<\/div>\n\t\t\t\t<\/div>\n\t\t<div class=\"elementor-element elementor-element-de428ba e-con-full e-flex e-con e-child\" data-id=\"de428ba\" data-element_type=\"container\" data-e-type=\"container\" data-settings=\"{&quot;background_background&quot;:&quot;classic&quot;}\">\n\t\t\t\t<div class=\"elementor-element elementor-element-45ef379 elementor-widget__width-initial elementor-invisible elementor-widget elementor-widget-heading\" data-id=\"45ef379\" data-element_type=\"widget\" data-e-type=\"widget\" data-settings=\"{&quot;_animation&quot;:&quot;fadeInUp&quot;}\" data-widget_type=\"heading.default\">\n\t\t\t\t<div class=\"elementor-widget-container\">\n\t\t\t\t\t<h2 class=\"elementor-heading-title elementor-size-default\">El mandato: mejorar los resultados y la experiencia de los m\u00e9dicos de manera sostenible.<\/h2>\t\t\t\t<\/div>\n\t\t\t\t<\/div>\n\t\t\t\t<div class=\"elementor-element elementor-element-15347f9 elementor-widget__width-initial elementor-invisible elementor-widget elementor-widget-text-editor\" data-id=\"15347f9\" data-element_type=\"widget\" data-e-type=\"widget\" data-settings=\"{&quot;_animation&quot;:&quot;fadeInUp&quot;}\" data-widget_type=\"text-editor.default\">\n\t\t\t\t<div class=\"elementor-widget-container\">\n\t\t\t\t\t\t\t\t\t<p>Le ayudamos a seleccionar l\u00edderes m\u00e9dicos que combinen la excelencia cl\u00ednica con la capacidad operativa. <span style=\"font-style: inherit; font-weight: inherit;\">disciplina y adopci\u00f3n digital.<\/span><\/p>\t\t\t\t\t\t\t\t<\/div>\n\t\t\t\t<\/div>\n\t\t\t\t<div class=\"elementor-element elementor-element-d254b0f elementor-invisible elementor-widget elementor-widget-heading\" data-id=\"d254b0f\" data-element_type=\"widget\" data-e-type=\"widget\" data-settings=\"{&quot;_animation&quot;:&quot;fadeInUp&quot;}\" data-widget_type=\"heading.default\">\n\t\t\t\t<div class=\"elementor-widget-container\">\n\t\t\t\t\t<h3 class=\"elementor-heading-title elementor-size-default\">Lo que este l\u00edder debe ofrecer<\/h3>\t\t\t\t<\/div>\n\t\t\t\t<\/div>\n\t\t<div class=\"elementor-element elementor-element-135d543 e-con-full e-flex e-con e-child\" data-id=\"135d543\" data-element_type=\"container\" data-e-type=\"container\">\n\t\t<div class=\"elementor-element elementor-element-b5c7e19 e-con-full continer-icon e-flex e-con e-child\" data-id=\"b5c7e19\" data-element_type=\"container\" data-e-type=\"container\">\n\t\t\t\t<div class=\"elementor-element elementor-element-6938946 elementor-widget__width-initial elementor-widget-mobile__width-initial large-heading elementor-widget-tablet_extra__width-initial elementor-invisible elementor-widget elementor-widget-heading\" data-id=\"6938946\" data-element_type=\"widget\" data-e-type=\"widget\" data-settings=\"{&quot;_animation&quot;:&quot;fadeInUp&quot;}\" data-widget_type=\"heading.default\">\n\t\t\t\t<div class=\"elementor-widget-container\">\n\t\t\t\t\t<div class=\"elementor-heading-title elementor-size-default\">Calidad, seguridad, experiencia<\/div>\t\t\t\t<\/div>\n\t\t\t\t<\/div>\n\t\t\t\t<div class=\"elementor-element elementor-element-35a62c2 small-text elementor-widget-tablet_extra__width-initial elementor-invisible elementor-widget elementor-widget-text-editor\" data-id=\"35a62c2\" data-element_type=\"widget\" data-e-type=\"widget\" data-settings=\"{&quot;_animation&quot;:&quot;fadeInUp&quot;}\" data-widget_type=\"text-editor.default\">\n\t\t\t\t<div class=\"elementor-widget-container\">\n\t\t\t\t\t\t\t\t\t<p>Reducir los da\u00f1os evitables y los reingresos; aumentar el CG-CAHPS.<\/p>\t\t\t\t\t\t\t\t<\/div>\n\t\t\t\t<\/div>\n\t\t\t\t<\/div>\n\t\t<div class=\"elementor-element elementor-element-42a70c0 e-con-full continer-icon e-flex e-con e-child\" data-id=\"42a70c0\" data-element_type=\"container\" data-e-type=\"container\">\n\t\t\t\t<div class=\"elementor-element elementor-element-b557fb4 elementor-widget__width-initial elementor-widget-mobile__width-initial large-heading elementor-invisible elementor-widget elementor-widget-heading\" data-id=\"b557fb4\" data-element_type=\"widget\" data-e-type=\"widget\" data-settings=\"{&quot;_animation&quot;:&quot;fadeInUp&quot;}\" data-widget_type=\"heading.default\">\n\t\t\t\t<div class=\"elementor-widget-container\">\n\t\t\t\t\t<div class=\"elementor-heading-title elementor-size-default\">Acceso y rendimiento<\/div>\t\t\t\t<\/div>\n\t\t\t\t<\/div>\n\t\t\t\t<div class=\"elementor-element elementor-element-7930c11 small-text elementor-widget__width-initial elementor-invisible elementor-widget elementor-widget-text-editor\" data-id=\"7930c11\" data-element_type=\"widget\" data-e-type=\"widget\" data-settings=\"{&quot;_animation&quot;:&quot;fadeInUp&quot;}\" data-widget_type=\"text-editor.default\">\n\t\t\t\t<div class=\"elementor-widget-container\">\n\t\t\t\t\t\t\t\t\t<p>Ampl\u00ede la capacidad, reduzca los tiempos de espera y las ausencias, y optimice las v\u00edas de atenci\u00f3n.<\/p>\t\t\t\t\t\t\t\t<\/div>\n\t\t\t\t<\/div>\n\t\t\t\t<\/div>\n\t\t<div class=\"elementor-element elementor-element-edb8bd9 e-con-full continer-icon e-flex e-con e-child\" data-id=\"edb8bd9\" data-element_type=\"container\" data-e-type=\"container\">\n\t\t\t\t<div class=\"elementor-element elementor-element-1214d95 elementor-widget__width-initial elementor-widget-mobile__width-initial large-heading elementor-invisible elementor-widget elementor-widget-heading\" data-id=\"1214d95\" data-element_type=\"widget\" data-e-type=\"widget\" data-settings=\"{&quot;_animation&quot;:&quot;fadeInUp&quot;}\" data-widget_type=\"heading.default\">\n\t\t\t\t<div class=\"elementor-widget-container\">\n\t\t\t\t\t<div class=\"elementor-heading-title elementor-size-default\">Lo digital en la pr\u00e1ctica<\/div>\t\t\t\t<\/div>\n\t\t\t\t<\/div>\n\t\t\t\t<div class=\"elementor-element elementor-element-995246c small-text elementor-widget__width-initial elementor-invisible elementor-widget elementor-widget-text-editor\" data-id=\"995246c\" data-element_type=\"widget\" data-e-type=\"widget\" data-settings=\"{&quot;_animation&quot;:&quot;fadeInUp&quot;}\" data-widget_type=\"text-editor.default\">\n\t\t\t\t<div class=\"elementor-widget-container\">\n\t\t\t\t\t\t\t\t\t<p>Integre la telesalud, el apoyo a la toma de decisiones y los datos para obtener mejores resultados con menos esfuerzo.<\/p>\t\t\t\t\t\t\t\t<\/div>\n\t\t\t\t<\/div>\n\t\t\t\t<\/div>\n\t\t<div class=\"elementor-element elementor-element-4faab62 e-con-full continer-icon e-flex e-con e-child\" data-id=\"4faab62\" data-element_type=\"container\" data-e-type=\"container\">\n\t\t\t\t<div class=\"elementor-element elementor-element-5fc4078 elementor-widget__width-initial elementor-widget-mobile__width-initial large-heading elementor-widget-tablet_extra__width-initial elementor-invisible elementor-widget elementor-widget-heading\" data-id=\"5fc4078\" data-element_type=\"widget\" data-e-type=\"widget\" data-settings=\"{&quot;_animation&quot;:&quot;fadeInUp&quot;}\" data-widget_type=\"heading.default\">\n\t\t\t\t<div class=\"elementor-widget-container\">\n\t\t\t\t\t<div class=\"elementor-heading-title elementor-size-default\">Personal y cultura<\/div>\t\t\t\t<\/div>\n\t\t\t\t<\/div>\n\t\t\t\t<div class=\"elementor-element elementor-element-9abb491 small-text elementor-widget__width-initial elementor-invisible elementor-widget elementor-widget-text-editor\" data-id=\"9abb491\" data-element_type=\"widget\" data-e-type=\"widget\" data-settings=\"{&quot;_animation&quot;:&quot;fadeInUp&quot;}\" data-widget_type=\"text-editor.default\">\n\t\t\t\t<div class=\"elementor-widget-container\">\n\t\t\t\t\t\t\t\t\t<p>Mejorar la retenci\u00f3n y la productividad del personal cl\u00ednico; reducir el agotamiento y la dependencia de las agencias.<\/p>\t\t\t\t\t\t\t\t<\/div>\n\t\t\t\t<\/div>\n\t\t\t\t<\/div>\n\t\t\t\t<\/div>\n\t\t\t\t<\/div>\n\t\t\t\t\t<\/div>\n\t\t\t\t<\/div>\n\t\t<div class=\"elementor-element elementor-element-c24af62 e-flex e-con-boxed e-con e-parent\" data-id=\"c24af62\" data-element_type=\"container\" data-e-type=\"container\">\n\t\t\t\t\t<div class=\"e-con-inner\">\n\t\t<div class=\"elementor-element elementor-element-83bbb07 e-con-full e-flex e-con e-child\" data-id=\"83bbb07\" data-element_type=\"container\" data-e-type=\"container\">\n\t\t<div class=\"elementor-element elementor-element-9fa417b e-con-full e-flex e-con e-child\" data-id=\"9fa417b\" data-element_type=\"container\" data-e-type=\"container\">\n\t\t\t\t<div class=\"elementor-element elementor-element-f43d11d elementor-widget-mobile__width-inherit elementor-widget-tablet__width-inherit elementor-invisible elementor-widget elementor-widget-heading\" data-id=\"f43d11d\" data-element_type=\"widget\" data-e-type=\"widget\" data-settings=\"{&quot;_animation&quot;:&quot;fadeInUp&quot;}\" data-widget_type=\"heading.default\">\n\t\t\t\t<div class=\"elementor-widget-container\">\n\t\t\t\t\t<h2 class=\"elementor-heading-title elementor-size-default\">C\u00f3mo ayudamos a nuestros clientes a ganar<\/h2>\t\t\t\t<\/div>\n\t\t\t\t<\/div>\n\t\t\t\t<\/div>\n\t\t<div class=\"elementor-element elementor-element-95f4fff e-con-full e-flex e-con e-child\" data-id=\"95f4fff\" data-element_type=\"container\" data-e-type=\"container\">\n\t\t\t\t<div class=\"elementor-element elementor-element-86fe92e elementor-invisible elementor-widget elementor-widget-text-editor\" data-id=\"86fe92e\" data-element_type=\"widget\" data-e-type=\"widget\" data-settings=\"{&quot;_animation&quot;:&quot;fadeInUp&quot;}\" data-widget_type=\"text-editor.default\">\n\t\t\t\t<div class=\"elementor-widget-container\">\n\t\t\t\t\t\t\t\t\t<p>Nos asociamos con sistemas de salud que desarrollan un liderazgo cl\u00ednico s\u00f3lido, plataformas y grupos de consultorios m\u00e9dicos respaldados por capital privado que buscan un r\u00e1pido crecimiento, y centros m\u00e9dicos acad\u00e9micos que transforman la prestaci\u00f3n de servicios de salud.<\/p><p>Ya sea que est\u00e9 ampliando las operaciones de su consultorio a m\u00faltiples ubicaciones, integrando grupos de m\u00e9dicos adquiridos, optimizando los flujos de trabajo cl\u00ednicos para contratos basados en el valor o creando canales de m\u00e9dicos ejecutivos, le proporcionamos l\u00edderes que destacan tanto por su excelencia cl\u00ednica como por su rendimiento empresarial, gan\u00e1ndose la confianza tanto en la sala de exploraci\u00f3n como en la sala de juntas.<\/p>\t\t\t\t\t\t\t\t<\/div>\n\t\t\t\t<\/div>\n\t\t\t\t<\/div>\n\t\t\t\t<\/div>\n\t\t\t\t\t<\/div>\n\t\t\t\t<\/div>\n\t\t<div class=\"elementor-element elementor-element-5a46ff0 e-flex e-con-boxed e-con e-parent\" data-id=\"5a46ff0\" data-element_type=\"container\" data-e-type=\"container\">\n\t\t\t\t\t<div class=\"e-con-inner\">\n\t\t<div class=\"elementor-element elementor-element-5ffbb52 e-con-full e-flex e-con e-child\" data-id=\"5ffbb52\" data-element_type=\"container\" data-e-type=\"container\">\n\t\t<div class=\"elementor-element elementor-element-7aeafaf e-con-full e-flex e-con e-child\" data-id=\"7aeafaf\" data-element_type=\"container\" data-e-type=\"container\" data-settings=\"{&quot;background_background&quot;:&quot;classic&quot;}\">\n\t\t\t\t<div class=\"elementor-element elementor-element-fdba79b elementor-widget__width-initial elementor-invisible elementor-widget elementor-widget-heading\" data-id=\"fdba79b\" data-element_type=\"widget\" data-e-type=\"widget\" data-settings=\"{&quot;_animation&quot;:&quot;fadeInUp&quot;}\" data-widget_type=\"heading.default\">\n\t\t\t\t<div class=\"elementor-widget-container\">\n\t\t\t\t\t<h2 class=\"elementor-heading-title elementor-size-default\">Encuentre su pr\u00e1ctica m\u00e9dica y liderazgo cl\u00ednico<\/h2>\t\t\t\t<\/div>\n\t\t\t\t<\/div>\n\t\t\t\t<div class=\"elementor-element elementor-element-1e8eaf3 elementor-invisible elementor-widget elementor-widget-text-editor\" data-id=\"1e8eaf3\" data-element_type=\"widget\" data-e-type=\"widget\" data-settings=\"{&quot;_animation&quot;:&quot;fadeInUp&quot;}\" data-widget_type=\"text-editor.default\">\n\t\t\t\t<div class=\"elementor-widget-container\">\n\t\t\t\t\t\t\t\t\t<p>Tu primera conversaci\u00f3n define tu estrategia de b\u00fasqueda con candidatos reales.<\/p>\t\t\t\t\t\t\t\t<\/div>\n\t\t\t\t<\/div>\n\t\t\t\t<div class=\"elementor-element elementor-element-f0373e2 elementor-mobile-align-justify elementor-widget__width-initial elementor-widget-mobile__width-initial elementor-align-justify elementor-widget elementor-widget-button\" data-id=\"f0373e2\" data-element_type=\"widget\" data-e-type=\"widget\" data-widget_type=\"button.default\">\n\t\t\t\t<div class=\"elementor-widget-container\">\n\t\t\t\t\t\t\t\t\t<div class=\"elementor-button-wrapper\">\n\t\t\t\t\t<a class=\"elementor-button elementor-button-link elementor-size-sm\" href=\"https:\/\/www.kingsleygate.com\/es\/contact-us\/\">\n\t\t\t\t\t\t<span class=\"elementor-button-content-wrapper\">\n\t\t\t\t\t\t\t\t\t<span class=\"elementor-button-text\">Cont\u00e1ctenos<\/span>\n\t\t\t\t\t<\/span>\n\t\t\t\t\t<\/a>\n\t\t\t\t<\/div>\n\t\t\t\t\t\t\t\t<\/div>\n\t\t\t\t<\/div>\n\t\t\t\t<\/div>\n\t\t<div class=\"elementor-element elementor-element-f7f36a3 e-con-full elementor-hidden-mobile e-flex e-con e-child\" data-id=\"f7f36a3\" data-element_type=\"container\" data-e-type=\"container\">\n\t\t\t\t<div class=\"elementor-element elementor-element-968bdd2 elementor-widget elementor-widget-image\" data-id=\"968bdd2\" data-element_type=\"widget\" data-e-type=\"widget\" data-widget_type=\"image.default\">\n\t\t\t\t<div class=\"elementor-widget-container\">\n\t\t\t\t\t\t\t\t\t\t\t\t\t\t\t<img fetchpriority=\"high\" decoding=\"async\" width=\"2560\" height=\"1707\" src=\"https:\/\/www.kingsleygate.com\/wp-content\/uploads\/2025\/11\/8cf949936739ee366b3f3d55fd015c509262da73-scaled.jpg\" class=\"attachment-full size-full wp-image-170943\" alt=\"\" srcset=\"https:\/\/www.kingsleygate.com\/wp-content\/uploads\/2025\/11\/8cf949936739ee366b3f3d55fd015c509262da73-scaled.jpg 2560w, https:\/\/www.kingsleygate.com\/wp-content\/uploads\/2025\/11\/8cf949936739ee366b3f3d55fd015c509262da73-300x200.jpg 300w, https:\/\/www.kingsleygate.com\/wp-content\/uploads\/2025\/11\/8cf949936739ee366b3f3d55fd015c509262da73-1024x683.jpg 1024w, https:\/\/www.kingsleygate.com\/wp-content\/uploads\/2025\/11\/8cf949936739ee366b3f3d55fd015c509262da73-768x512.jpg 768w, https:\/\/www.kingsleygate.com\/wp-content\/uploads\/2025\/11\/8cf949936739ee366b3f3d55fd015c509262da73-1536x1024.jpg 1536w, https:\/\/www.kingsleygate.com\/wp-content\/uploads\/2025\/11\/8cf949936739ee366b3f3d55fd015c509262da73-2048x1366.jpg 2048w\" sizes=\"(max-width: 2560px) 100vw, 2560px\" \/>\t\t\t\t\t\t\t\t\t\t\t\t\t\t\t<\/div>\n\t\t\t\t<\/div>\n\t\t\t\t<\/div>\n\t\t\t\t<\/div>\n\t\t\t\t\t<\/div>\n\t\t\t\t<\/div>\n\t\t\t\t<\/div>","protected":false},"excerpt":{"rendered":"<p>B\u00fasqueda de ejecutivos a nivel mundial Liderazgo para la atenci\u00f3n en primera l\u00ednea P\u00f3ngase en contacto Los ejecutivos m\u00e9dicos deben mejorar la calidad y el acceso, al tiempo que [\u2026]<\/p>","protected":false},"author":2,"featured_media":0,"parent":4036,"menu_order":2,"comment_status":"closed","ping_status":"closed","template":"","meta":{"_acf_changed":false,"_eb_attr":"","inline_featured_image":false,"site-sidebar-layout":"no-sidebar","site-content-layout":"","ast-site-content-layout":"full-width-container","site-content-style":"default","site-sidebar-style":"default","ast-global-header-display":"","ast-banner-title-visibility":"","ast-main-header-display":"","ast-hfb-above-header-display":"","ast-hfb-below-header-display":"","ast-hfb-mobile-header-display":"","site-post-title":"disabled","ast-breadcrumbs-content":"","ast-featured-img":"disabled","footer-sml-layout":"","theme-transparent-header-meta":"default","adv-header-id-meta":"","stick-header-meta":"","header-above-stick-meta":"","header-main-stick-meta":"","header-below-stick-meta":"","astra-migrate-meta-layouts":"set","ast-page-background-enabled":"default","ast-page-background-meta":{"desktop":{"background-color":"var(--ast-global-color-5)","background-image":"","background-repeat":"repeat","background-position":"center center","background-size":"auto","background-attachment":"scroll","background-type":"","background-media":"","overlay-type":"","overlay-color":"","overlay-opacity":"","overlay-gradient":""},"tablet":{"background-color":"","background-image":"","background-repeat":"repeat","background-position":"center center","background-size":"auto","background-attachment":"scroll","background-type":"","background-media":"","overlay-type":"","overlay-color":"","overlay-opacity":"","overlay-gradient":""},"mobile":{"background-color":"","background-image":"","background-repeat":"repeat","background-position":"center center","background-size":"auto","background-attachment":"scroll","background-type":"","background-media":"","overlay-type":"","overlay-color":"","overlay-opacity":"","overlay-gradient":""}},"ast-content-background-meta":{"desktop":{"background-color":"var(--ast-global-color-4)","background-image":"","background-repeat":"repeat","background-position":"center center","background-size":"auto","background-attachment":"scroll","background-type":"","background-media":"","overlay-type":"","overlay-color":"","overlay-opacity":"","overlay-gradient":""},"tablet":{"background-color":"var(--ast-global-color-4)","background-image":"","background-repeat":"repeat","background-position":"center center","background-size":"auto","background-attachment":"scroll","background-type":"","background-media":"","overlay-type":"","overlay-color":"","overlay-opacity":"","overlay-gradient":""},"mobile":{"background-color":"var(--ast-global-color-4)","background-image":"","background-repeat":"repeat","background-position":"center center","background-size":"auto","background-attachment":"scroll","background-type":"","background-media":"","overlay-type":"","overlay-color":"","overlay-opacity":"","overlay-gradient":""}},"footnotes":""},"folder":[80],"wf_page_folders":[46],"class_list":["post-7948","page","type-page","status-publish","hentry"],"acf":[],"_links":{"self":[{"href":"https:\/\/www.kingsleygate.com\/es\/wp-json\/wp\/v2\/pages\/7948","targetHints":{"allow":["GET"]}}],"collection":[{"href":"https:\/\/www.kingsleygate.com\/es\/wp-json\/wp\/v2\/pages"}],"about":[{"href":"https:\/\/www.kingsleygate.com\/es\/wp-json\/wp\/v2\/types\/page"}],"author":[{"embeddable":true,"href":"https:\/\/www.kingsleygate.com\/es\/wp-json\/wp\/v2\/users\/2"}],"replies":[{"embeddable":true,"href":"https:\/\/www.kingsleygate.com\/es\/wp-json\/wp\/v2\/comments?post=7948"}],"version-history":[{"count":0,"href":"https:\/\/www.kingsleygate.com\/es\/wp-json\/wp\/v2\/pages\/7948\/revisions"}],"up":[{"embeddable":true,"href":"https:\/\/www.kingsleygate.com\/es\/wp-json\/wp\/v2\/pages\/4036"}],"wp:attachment":[{"href":"https:\/\/www.kingsleygate.com\/es\/wp-json\/wp\/v2\/media?parent=7948"}],"wp:term":[{"taxonomy":"folder","embeddable":true,"href":"https:\/\/www.kingsleygate.com\/es\/wp-json\/wp\/v2\/folder?post=7948"},{"taxonomy":"wf_page_folders","embeddable":true,"href":"https:\/\/www.kingsleygate.com\/es\/wp-json\/wp\/v2\/wf_page_folders?post=7948"}],"curies":[{"name":"wp","href":"https:\/\/api.w.org\/{rel}","templated":true}]}}