{"id":170870,"date":"2025-11-23T09:48:13","date_gmt":"2025-11-23T09:48:13","guid":{"rendered":"https:\/\/kingsleygatstg.wpenginepowered.com\/?page_id=170870"},"modified":"2026-01-20T17:12:10","modified_gmt":"2026-01-20T17:12:10","slug":"cloud-computing-infrastructure","status":"publish","type":"page","link":"https:\/\/www.kingsleygate.com\/es\/technology\/cloud-computing-infrastructure\/","title":{"rendered":"Computaci\u00f3n en la nube e infraestructura"},"content":{"rendered":"<div data-elementor-type=\"wp-page\" data-elementor-id=\"170870\" class=\"elementor elementor-170870\" data-elementor-post-type=\"page\">\n\t\t\t\t<div class=\"elementor-element elementor-element-23e2d8d e-flex e-con-boxed e-con e-parent\" data-id=\"23e2d8d\" data-element_type=\"container\" data-e-type=\"container\">\n\t\t\t\t\t<div class=\"e-con-inner\">\n\t\t<div class=\"elementor-element elementor-element-dc56b4f e-con-full e-flex e-con e-child\" data-id=\"dc56b4f\" data-element_type=\"container\" data-e-type=\"container\">\n\t\t\t\t<div class=\"elementor-element elementor-element-754ad8c elementor-invisible elementor-widget elementor-widget-heading\" data-id=\"754ad8c\" data-element_type=\"widget\" data-e-type=\"widget\" data-settings=\"{&quot;_animation&quot;:&quot;fadeInUp&quot;}\" data-widget_type=\"heading.default\">\n\t\t\t\t<div class=\"elementor-widget-container\">\n\t\t\t\t\t<h2 class=\"elementor-heading-title elementor-size-default\">B\u00fasqueda de ejecutivos a nivel mundial<\/h2>\t\t\t\t<\/div>\n\t\t\t\t<\/div>\n\t\t\t\t<\/div>\n\t\t\t\t\t<\/div>\n\t\t\t\t<\/div>\n\t\t<div class=\"elementor-element elementor-element-99d645d e-flex e-con-boxed e-con e-parent\" data-id=\"99d645d\" data-element_type=\"container\" data-e-type=\"container\" data-settings=\"{&quot;background_background&quot;:&quot;classic&quot;}\">\n\t\t\t\t\t<div class=\"e-con-inner\">\n\t\t<div class=\"elementor-element elementor-element-37fe67f e-con-full e-flex e-con e-child\" data-id=\"37fe67f\" data-element_type=\"container\" data-e-type=\"container\">\n\t\t\t\t<\/div>\n\t\t\t\t\t<\/div>\n\t\t\t\t<\/div>\n\t\t<div class=\"elementor-element elementor-element-8d1280c e-flex e-con-boxed e-con e-parent\" data-id=\"8d1280c\" data-element_type=\"container\" data-e-type=\"container\" data-settings=\"{&quot;background_background&quot;:&quot;classic&quot;}\">\n\t\t\t\t\t<div class=\"e-con-inner\">\n\t\t<div class=\"elementor-element elementor-element-d59f536 e-con-full e-flex e-con e-child\" data-id=\"d59f536\" data-element_type=\"container\" data-e-type=\"container\">\n\t\t<div class=\"elementor-element elementor-element-56256e1 e-con-full e-flex e-con e-child\" data-id=\"56256e1\" data-element_type=\"container\" data-e-type=\"container\">\n\t\t\t\t<div class=\"elementor-element elementor-element-85d4d40 elementor-widget__width-initial elementor-invisible elementor-widget elementor-widget-heading\" data-id=\"85d4d40\" data-element_type=\"widget\" data-e-type=\"widget\" data-settings=\"{&quot;_animation&quot;:&quot;fadeInUp&quot;}\" data-widget_type=\"heading.default\">\n\t\t\t\t<div class=\"elementor-widget-container\">\n\t\t\t\t\t<h2 class=\"elementor-heading-title elementor-size-default\">Liderazgo para la era multicloud\u00a0<\/h2>\t\t\t\t<\/div>\n\t\t\t\t<\/div>\n\t\t\t\t<div class=\"elementor-element elementor-element-c9e8423 elementor-mobile-align-center elementor-widget__width-inherit elementor-align-left elementor-hidden-mobile elementor-widget elementor-widget-button\" data-id=\"c9e8423\" data-element_type=\"widget\" data-e-type=\"widget\" data-widget_type=\"button.default\">\n\t\t\t\t<div class=\"elementor-widget-container\">\n\t\t\t\t\t\t\t\t\t<div class=\"elementor-button-wrapper\">\n\t\t\t\t\t<a class=\"elementor-button elementor-button-link elementor-size-sm\" href=\"https:\/\/www.kingsleygate.com\/es\/contact-us\/\">\n\t\t\t\t\t\t<span class=\"elementor-button-content-wrapper\">\n\t\t\t\t\t\t\t\t\t<span class=\"elementor-button-text\">Cont\u00e1ctenos<\/span>\n\t\t\t\t\t<\/span>\n\t\t\t\t\t<\/a>\n\t\t\t\t<\/div>\n\t\t\t\t\t\t\t\t<\/div>\n\t\t\t\t<\/div>\n\t\t\t\t<\/div>\n\t\t<div class=\"elementor-element elementor-element-5a39042 e-con-full e-flex e-con e-child\" data-id=\"5a39042\" data-element_type=\"container\" data-e-type=\"container\">\n\t\t\t\t<div class=\"elementor-element elementor-element-0644332 elementor-widget__width-inherit elementor-invisible elementor-widget elementor-widget-text-editor\" data-id=\"0644332\" data-element_type=\"widget\" data-e-type=\"widget\" data-settings=\"{&quot;_animation&quot;:&quot;fadeInUp&quot;}\" data-widget_type=\"text-editor.default\">\n\t\t\t\t<div class=\"elementor-widget-container\">\n\t\t\t\t\t\t\t\t\t<p>La nube es ahora una infraestructura fundamental para todos los sectores. Las estrategias multicloud son la norma, las tecnolog\u00edas sin servidor y la contenedorizaci\u00f3n est\u00e1n transformando la implementaci\u00f3n, y las exigencias de sostenibilidad est\u00e1n remodelando los centros de datos. Al mismo tiempo, los requisitos de la nube soberana est\u00e1n fragmentando el panorama, lo que exige tanto innovaci\u00f3n como cumplimiento normativo.\u00a0<\/p><p>Las empresas que tengan \u00e9xito estar\u00e1n dirigidas por ejecutivos que aumenten la confiabilidad, reduzcan los costos unitarios e incorporen el cumplimiento normativo en la plataforma, sin ralentizar el cambio.\u00a0<\/p>\t\t\t\t\t\t\t\t<\/div>\n\t\t\t\t<\/div>\n\t\t\t\t<\/div>\n\t\t\t\t<\/div>\n\t\t<div class=\"elementor-element elementor-element-de428ba e-con-full e-flex e-con e-child\" data-id=\"de428ba\" data-element_type=\"container\" data-e-type=\"container\" data-settings=\"{&quot;background_background&quot;:&quot;classic&quot;}\">\n\t\t\t\t<div class=\"elementor-element elementor-element-45ef379 elementor-invisible elementor-widget elementor-widget-heading\" data-id=\"45ef379\" data-element_type=\"widget\" data-e-type=\"widget\" data-settings=\"{&quot;_animation&quot;:&quot;fadeInUp&quot;}\" data-widget_type=\"heading.default\">\n\t\t\t\t<div class=\"elementor-widget-container\">\n\t\t\t\t\t<h2 class=\"elementor-heading-title elementor-size-default\">\u00bfQu\u00e9 define a los l\u00edderes actuales en computaci\u00f3n en la nube e infraestructura?<\/h2>\t\t\t\t<\/div>\n\t\t\t\t<\/div>\n\t\t<div class=\"elementor-element elementor-element-135d543 e-con-full e-flex e-con e-child\" data-id=\"135d543\" data-element_type=\"container\" data-e-type=\"container\">\n\t\t<div class=\"elementor-element elementor-element-b5c7e19 e-con-full continer-icon e-flex e-con e-child\" data-id=\"b5c7e19\" data-element_type=\"container\" data-e-type=\"container\">\n\t\t\t\t<div class=\"elementor-element elementor-element-6938946 elementor-widget__width-initial elementor-widget-mobile__width-initial large-heading elementor-invisible elementor-widget elementor-widget-heading\" data-id=\"6938946\" data-element_type=\"widget\" data-e-type=\"widget\" data-settings=\"{&quot;_animation&quot;:&quot;fadeInUp&quot;}\" data-widget_type=\"heading.default\">\n\t\t\t\t<div class=\"elementor-widget-container\">\n\t\t\t\t\t<div class=\"elementor-heading-title elementor-size-default\">Orquestaci\u00f3n entre nubes<\/div>\t\t\t\t<\/div>\n\t\t\t\t<\/div>\n\t\t\t\t<div class=\"elementor-element elementor-element-35a62c2 small-text elementor-invisible elementor-widget elementor-widget-text-editor\" data-id=\"35a62c2\" data-element_type=\"widget\" data-e-type=\"widget\" data-settings=\"{&quot;_animation&quot;:&quot;fadeInUp&quot;}\" data-widget_type=\"text-editor.default\">\n\t\t\t\t<div class=\"elementor-widget-container\">\n\t\t\t\t\t\t\t\t\t<p>Rendimiento y portabilidad entre proveedores y regiones<\/p>\t\t\t\t\t\t\t\t<\/div>\n\t\t\t\t<\/div>\n\t\t\t\t<\/div>\n\t\t<div class=\"elementor-element elementor-element-42a70c0 e-con-full continer-icon e-flex e-con e-child\" data-id=\"42a70c0\" data-element_type=\"container\" data-e-type=\"container\">\n\t\t\t\t<div class=\"elementor-element elementor-element-b557fb4 elementor-widget__width-initial elementor-widget-mobile__width-initial large-heading elementor-invisible elementor-widget elementor-widget-heading\" data-id=\"b557fb4\" data-element_type=\"widget\" data-e-type=\"widget\" data-settings=\"{&quot;_animation&quot;:&quot;fadeInUp&quot;}\" data-widget_type=\"heading.default\">\n\t\t\t\t<div class=\"elementor-widget-container\">\n\t\t\t\t\t<div class=\"elementor-heading-title elementor-size-default\">Disciplina operativa<\/div>\t\t\t\t<\/div>\n\t\t\t\t<\/div>\n\t\t\t\t<div class=\"elementor-element elementor-element-7930c11 small-text elementor-invisible elementor-widget elementor-widget-text-editor\" data-id=\"7930c11\" data-element_type=\"widget\" data-e-type=\"widget\" data-settings=\"{&quot;_animation&quot;:&quot;fadeInUp&quot;}\" data-widget_type=\"text-editor.default\">\n\t\t\t\t<div class=\"elementor-widget-container\">\n\t\t\t\t\t\t\t\t\t<p>Mejora conjunta del cumplimiento de los objetivos de nivel de servicio, la preparaci\u00f3n ante incidentes y el costo por carga de trabajo.\u00a0<\/p>\t\t\t\t\t\t\t\t<\/div>\n\t\t\t\t<\/div>\n\t\t\t\t<\/div>\n\t\t<div class=\"elementor-element elementor-element-edb8bd9 e-con-full continer-icon e-flex e-con e-child\" data-id=\"edb8bd9\" data-element_type=\"container\" data-e-type=\"container\">\n\t\t\t\t<div class=\"elementor-element elementor-element-1214d95 elementor-widget__width-initial elementor-widget-mobile__width-initial large-heading elementor-invisible elementor-widget elementor-widget-heading\" data-id=\"1214d95\" data-element_type=\"widget\" data-e-type=\"widget\" data-settings=\"{&quot;_animation&quot;:&quot;fadeInUp&quot;}\" data-widget_type=\"heading.default\">\n\t\t\t\t<div class=\"elementor-widget-container\">\n\t\t\t\t\t<div class=\"elementor-heading-title elementor-size-default\">Soberan\u00eda por dise\u00f1o<\/div>\t\t\t\t<\/div>\n\t\t\t\t<\/div>\n\t\t\t\t<div class=\"elementor-element elementor-element-995246c small-text elementor-invisible elementor-widget elementor-widget-text-editor\" data-id=\"995246c\" data-element_type=\"widget\" data-e-type=\"widget\" data-settings=\"{&quot;_animation&quot;:&quot;fadeInUp&quot;}\" data-widget_type=\"text-editor.default\">\n\t\t\t\t<div class=\"elementor-widget-container\">\n\t\t\t\t\t\t\t\t\t<p>Cumplimiento de los requisitos normativos y de residencia de datos sin fricciones<\/p>\t\t\t\t\t\t\t\t<\/div>\n\t\t\t\t<\/div>\n\t\t\t\t<\/div>\n\t\t<div class=\"elementor-element elementor-element-4faab62 e-con-full continer-icon e-flex e-con e-child\" data-id=\"4faab62\" data-element_type=\"container\" data-e-type=\"container\">\n\t\t\t\t<div class=\"elementor-element elementor-element-5fc4078 elementor-widget__width-initial elementor-widget-mobile__width-initial large-heading elementor-invisible elementor-widget elementor-widget-heading\" data-id=\"5fc4078\" data-element_type=\"widget\" data-e-type=\"widget\" data-settings=\"{&quot;_animation&quot;:&quot;fadeInUp&quot;}\" data-widget_type=\"heading.default\">\n\t\t\t\t<div class=\"elementor-widget-container\">\n\t\t\t\t\t<div class=\"elementor-heading-title elementor-size-default\">Operaciones sostenibles<\/div>\t\t\t\t<\/div>\n\t\t\t\t<\/div>\n\t\t\t\t<div class=\"elementor-element elementor-element-9abb491 small-text elementor-invisible elementor-widget elementor-widget-text-editor\" data-id=\"9abb491\" data-element_type=\"widget\" data-e-type=\"widget\" data-settings=\"{&quot;_animation&quot;:&quot;fadeInUp&quot;}\" data-widget_type=\"text-editor.default\">\n\t\t\t\t<div class=\"elementor-widget-container\">\n\t\t\t\t\t\t\t\t\t<p>Eficiencia integrada desde el centro de datos hasta la carga de trabajo\u00a0<\/p>\t\t\t\t\t\t\t\t<\/div>\n\t\t\t\t<\/div>\n\t\t\t\t<\/div>\n\t\t\t\t<\/div>\n\t\t\t\t<\/div>\n\t\t\t\t\t<\/div>\n\t\t\t\t<\/div>\n\t\t<div class=\"elementor-element elementor-element-c24af62 e-flex e-con-boxed e-con e-parent\" data-id=\"c24af62\" data-element_type=\"container\" data-e-type=\"container\">\n\t\t\t\t\t<div class=\"e-con-inner\">\n\t\t<div class=\"elementor-element elementor-element-83bbb07 e-con-full e-flex e-con e-child\" data-id=\"83bbb07\" data-element_type=\"container\" data-e-type=\"container\">\n\t\t<div class=\"elementor-element elementor-element-9fa417b e-con-full e-flex e-con e-child\" data-id=\"9fa417b\" data-element_type=\"container\" data-e-type=\"container\">\n\t\t\t\t<div class=\"elementor-element elementor-element-f43d11d elementor-widget-mobile__width-inherit elementor-widget-tablet__width-inherit elementor-invisible elementor-widget elementor-widget-heading\" data-id=\"f43d11d\" data-element_type=\"widget\" data-e-type=\"widget\" data-settings=\"{&quot;_animation&quot;:&quot;fadeInUp&quot;}\" data-widget_type=\"heading.default\">\n\t\t\t\t<div class=\"elementor-widget-container\">\n\t\t\t\t\t<h2 class=\"elementor-heading-title elementor-size-default\">C\u00f3mo ayudamos a nuestros clientes a ganar<\/h2>\t\t\t\t<\/div>\n\t\t\t\t<\/div>\n\t\t\t\t<\/div>\n\t\t<div class=\"elementor-element elementor-element-95f4fff e-con-full e-flex e-con e-child\" data-id=\"95f4fff\" data-element_type=\"container\" data-e-type=\"container\">\n\t\t\t\t<div class=\"elementor-element elementor-element-86fe92e elementor-invisible elementor-widget elementor-widget-text-editor\" data-id=\"86fe92e\" data-element_type=\"widget\" data-e-type=\"widget\" data-settings=\"{&quot;_animation&quot;:&quot;fadeInUp&quot;}\" data-widget_type=\"text-editor.default\">\n\t\t\t\t<div class=\"elementor-widget-container\">\n\t\t\t\t\t\t\t\t\t<p>Realizamos b\u00fasquedas de hiperescaladores, proveedores y empresas que modernizan la pila. Dado que integramos conocimientos de ciberseguridad, IA\/ML y semiconductores, nuestras listas equilibran a arquitectos y operadores que ofrecen ganancias cuantificables en fiabilidad, eficiencia y postura de seguridad.\u00a0\u00a0<\/p><p>Ya sea para ampliar plataformas o renovarlas en aras de la resiliencia, proporcionamos ejecutivos que mantienen el equilibrio entre velocidad y estabilidad.\u00a0<\/p>\t\t\t\t\t\t\t\t<\/div>\n\t\t\t\t<\/div>\n\t\t\t\t<\/div>\n\t\t\t\t<\/div>\n\t\t\t\t\t<\/div>\n\t\t\t\t<\/div>\n\t\t<div class=\"elementor-element elementor-element-5a46ff0 e-flex e-con-boxed e-con e-parent\" data-id=\"5a46ff0\" data-element_type=\"container\" data-e-type=\"container\">\n\t\t\t\t\t<div class=\"e-con-inner\">\n\t\t<div class=\"elementor-element elementor-element-5ffbb52 e-con-full e-flex e-con e-child\" data-id=\"5ffbb52\" data-element_type=\"container\" data-e-type=\"container\">\n\t\t<div class=\"elementor-element elementor-element-7aeafaf e-con-full e-flex e-con e-child\" data-id=\"7aeafaf\" data-element_type=\"container\" data-e-type=\"container\" data-settings=\"{&quot;background_background&quot;:&quot;classic&quot;}\">\n\t\t\t\t<div class=\"elementor-element elementor-element-fdba79b elementor-widget__width-initial elementor-invisible elementor-widget elementor-widget-heading\" data-id=\"fdba79b\" data-element_type=\"widget\" data-e-type=\"widget\" data-settings=\"{&quot;_animation&quot;:&quot;fadeInUp&quot;}\" data-widget_type=\"heading.default\">\n\t\t\t\t<div class=\"elementor-widget-container\">\n\t\t\t\t\t<h2 class=\"elementor-heading-title elementor-size-default\">Encuentre su l\u00edder en computaci\u00f3n en la nube e infraestructura<\/h2>\t\t\t\t<\/div>\n\t\t\t\t<\/div>\n\t\t\t\t<div class=\"elementor-element elementor-element-1e8eaf3 elementor-invisible elementor-widget elementor-widget-text-editor\" data-id=\"1e8eaf3\" data-element_type=\"widget\" data-e-type=\"widget\" data-settings=\"{&quot;_animation&quot;:&quot;fadeInUp&quot;}\" data-widget_type=\"text-editor.default\">\n\t\t\t\t<div class=\"elementor-widget-container\">\n\t\t\t\t\t\t\t\t\t<p>Nuestra primera conversaci\u00f3n define su estrategia de b\u00fasqueda con candidatos reales.<\/p>\t\t\t\t\t\t\t\t<\/div>\n\t\t\t\t<\/div>\n\t\t\t\t<div class=\"elementor-element elementor-element-f0373e2 elementor-mobile-align-justify elementor-widget__width-initial elementor-widget-mobile__width-initial elementor-align-justify elementor-widget elementor-widget-button\" data-id=\"f0373e2\" data-element_type=\"widget\" data-e-type=\"widget\" data-widget_type=\"button.default\">\n\t\t\t\t<div class=\"elementor-widget-container\">\n\t\t\t\t\t\t\t\t\t<div class=\"elementor-button-wrapper\">\n\t\t\t\t\t<a class=\"elementor-button elementor-button-link elementor-size-sm\" href=\"https:\/\/www.kingsleygate.com\/es\/contact-us\/\">\n\t\t\t\t\t\t<span class=\"elementor-button-content-wrapper\">\n\t\t\t\t\t\t\t\t\t<span class=\"elementor-button-text\">Cont\u00e1ctenos<\/span>\n\t\t\t\t\t<\/span>\n\t\t\t\t\t<\/a>\n\t\t\t\t<\/div>\n\t\t\t\t\t\t\t\t<\/div>\n\t\t\t\t<\/div>\n\t\t\t\t<\/div>\n\t\t<div class=\"elementor-element elementor-element-f7f36a3 e-con-full elementor-hidden-mobile e-flex e-con e-child\" data-id=\"f7f36a3\" data-element_type=\"container\" data-e-type=\"container\">\n\t\t\t\t<div class=\"elementor-element elementor-element-968bdd2 elementor-widget elementor-widget-image\" data-id=\"968bdd2\" data-element_type=\"widget\" data-e-type=\"widget\" data-widget_type=\"image.default\">\n\t\t\t\t<div class=\"elementor-widget-container\">\n\t\t\t\t\t\t\t\t\t\t\t\t\t\t\t<img fetchpriority=\"high\" decoding=\"async\" width=\"2560\" height=\"1440\" src=\"https:\/\/www.kingsleygate.com\/wp-content\/uploads\/2025\/11\/b5daee6bcb44ab9c6e1c0bb7612e50146da31517-scaled.jpg\" class=\"attachment-full size-full wp-image-170873\" alt=\"\" srcset=\"https:\/\/www.kingsleygate.com\/wp-content\/uploads\/2025\/11\/b5daee6bcb44ab9c6e1c0bb7612e50146da31517-scaled.jpg 2560w, https:\/\/www.kingsleygate.com\/wp-content\/uploads\/2025\/11\/b5daee6bcb44ab9c6e1c0bb7612e50146da31517-300x169.jpg 300w, https:\/\/www.kingsleygate.com\/wp-content\/uploads\/2025\/11\/b5daee6bcb44ab9c6e1c0bb7612e50146da31517-1024x576.jpg 1024w, https:\/\/www.kingsleygate.com\/wp-content\/uploads\/2025\/11\/b5daee6bcb44ab9c6e1c0bb7612e50146da31517-768x432.jpg 768w, https:\/\/www.kingsleygate.com\/wp-content\/uploads\/2025\/11\/b5daee6bcb44ab9c6e1c0bb7612e50146da31517-1536x864.jpg 1536w, https:\/\/www.kingsleygate.com\/wp-content\/uploads\/2025\/11\/b5daee6bcb44ab9c6e1c0bb7612e50146da31517-2048x1152.jpg 2048w\" sizes=\"(max-width: 2560px) 100vw, 2560px\" \/>\t\t\t\t\t\t\t\t\t\t\t\t\t\t\t<\/div>\n\t\t\t\t<\/div>\n\t\t\t\t<\/div>\n\t\t\t\t<\/div>\n\t\t\t\t\t<\/div>\n\t\t\t\t<\/div>\n\t\t\t\t<\/div>","protected":false},"excerpt":{"rendered":"<p>Liderazgo en la b\u00fasqueda de ejecutivos globales para la era multicloud. P\u00f3ngase en contacto con nosotros. La nube es ahora una infraestructura fundamental para todos los sectores. Multicloud [\u2026]<\/p>","protected":false},"author":2,"featured_media":0,"parent":3737,"menu_order":6,"comment_status":"closed","ping_status":"closed","template":"","meta":{"_acf_changed":false,"_eb_attr":"","inline_featured_image":false,"site-sidebar-layout":"no-sidebar","site-content-layout":"","ast-site-content-layout":"full-width-container","site-content-style":"default","site-sidebar-style":"default","ast-global-header-display":"","ast-banner-title-visibility":"","ast-main-header-display":"","ast-hfb-above-header-display":"","ast-hfb-below-header-display":"","ast-hfb-mobile-header-display":"","site-post-title":"disabled","ast-breadcrumbs-content":"","ast-featured-img":"disabled","footer-sml-layout":"","theme-transparent-header-meta":"default","adv-header-id-meta":"","stick-header-meta":"","header-above-stick-meta":"","header-main-stick-meta":"","header-below-stick-meta":"","astra-migrate-meta-layouts":"set","ast-page-background-enabled":"default","ast-page-background-meta":{"desktop":{"background-color":"var(--ast-global-color-5)","background-image":"","background-repeat":"repeat","background-position":"center center","background-size":"auto","background-attachment":"scroll","background-type":"","background-media":"","overlay-type":"","overlay-color":"","overlay-opacity":"","overlay-gradient":""},"tablet":{"background-color":"","background-image":"","background-repeat":"repeat","background-position":"center center","background-size":"auto","background-attachment":"scroll","background-type":"","background-media":"","overlay-type":"","overlay-color":"","overlay-opacity":"","overlay-gradient":""},"mobile":{"background-color":"","background-image":"","background-repeat":"repeat","background-position":"center center","background-size":"auto","background-attachment":"scroll","background-type":"","background-media":"","overlay-type":"","overlay-color":"","overlay-opacity":"","overlay-gradient":""}},"ast-content-background-meta":{"desktop":{"background-color":"var(--ast-global-color-4)","background-image":"","background-repeat":"repeat","background-position":"center center","background-size":"auto","background-attachment":"scroll","background-type":"","background-media":"","overlay-type":"","overlay-color":"","overlay-opacity":"","overlay-gradient":""},"tablet":{"background-color":"var(--ast-global-color-4)","background-image":"","background-repeat":"repeat","background-position":"center center","background-size":"auto","background-attachment":"scroll","background-type":"","background-media":"","overlay-type":"","overlay-color":"","overlay-opacity":"","overlay-gradient":""},"mobile":{"background-color":"var(--ast-global-color-4)","background-image":"","background-repeat":"repeat","background-position":"center center","background-size":"auto","background-attachment":"scroll","background-type":"","background-media":"","overlay-type":"","overlay-color":"","overlay-opacity":"","overlay-gradient":""}},"footnotes":""},"folder":[82],"wf_page_folders":[46],"class_list":["post-170870","page","type-page","status-publish","hentry"],"acf":[],"_links":{"self":[{"href":"https:\/\/www.kingsleygate.com\/es\/wp-json\/wp\/v2\/pages\/170870","targetHints":{"allow":["GET"]}}],"collection":[{"href":"https:\/\/www.kingsleygate.com\/es\/wp-json\/wp\/v2\/pages"}],"about":[{"href":"https:\/\/www.kingsleygate.com\/es\/wp-json\/wp\/v2\/types\/page"}],"author":[{"embeddable":true,"href":"https:\/\/www.kingsleygate.com\/es\/wp-json\/wp\/v2\/users\/2"}],"replies":[{"embeddable":true,"href":"https:\/\/www.kingsleygate.com\/es\/wp-json\/wp\/v2\/comments?post=170870"}],"version-history":[{"count":0,"href":"https:\/\/www.kingsleygate.com\/es\/wp-json\/wp\/v2\/pages\/170870\/revisions"}],"up":[{"embeddable":true,"href":"https:\/\/www.kingsleygate.com\/es\/wp-json\/wp\/v2\/pages\/3737"}],"wp:attachment":[{"href":"https:\/\/www.kingsleygate.com\/es\/wp-json\/wp\/v2\/media?parent=170870"}],"wp:term":[{"taxonomy":"folder","embeddable":true,"href":"https:\/\/www.kingsleygate.com\/es\/wp-json\/wp\/v2\/folder?post=170870"},{"taxonomy":"wf_page_folders","embeddable":true,"href":"https:\/\/www.kingsleygate.com\/es\/wp-json\/wp\/v2\/wf_page_folders?post=170870"}],"curies":[{"name":"wp","href":"https:\/\/api.w.org\/{rel}","templated":true}]}}